{"id":3834,"date":"2025-06-17T10:15:53","date_gmt":"2025-06-17T08:15:53","guid":{"rendered":"https:\/\/bonnywashy.hu\/?page_id=3834"},"modified":"2025-08-06T13:04:52","modified_gmt":"2025-08-06T11:04:52","slug":"blog","status":"publish","type":"page","link":"https:\/\/bonnywashy.hu\/en\/blog\/","title":{"rendered":"Blog"},"content":{"rendered":"<div data-elementor-type=\"wp-page\" data-elementor-id=\"3834\" class=\"elementor elementor-3834\" data-elementor-post-type=\"page\">\n\t\t\t\t<div class=\"elementor-element elementor-element-749ade4 e-flex e-con-boxed e-con e-parent\" data-id=\"749ade4\" data-element_type=\"container\" data-settings=\"{&quot;background_background&quot;:&quot;classic&quot;,&quot;shape_divider_top&quot;:&quot;mountains&quot;,&quot;shape_divider_bottom&quot;:&quot;wave-brush&quot;}\">\n\t\t\t\t\t<div class=\"e-con-inner\">\n\t\t\t\t<div class=\"elementor-shape elementor-shape-top\" data-negative=\"false\">\n\t\t\t<svg xmlns=\"http:\/\/www.w3.org\/2000\/svg\" viewbox=\"0 0 1000 100\" preserveaspectratio=\"none\">\n\t<path class=\"elementor-shape-fill\" opacity=\"0.33\" d=\"M473,67.3c-203.9,88.3-263.1-34-320.3,0C66,119.1,0,59.7,0,59.7V0h1000v59.7 c0,0-62.1,26.1-94.9,29.3c-32.8,3.3-62.8-12.3-75.8-22.1C806,49.6,745.3,8.7,694.9,4.7S492.4,59,473,67.3z\"\/>\n\t<path class=\"elementor-shape-fill\" opacity=\"0.66\" d=\"M734,67.3c-45.5,0-77.2-23.2-129.1-39.1c-28.6-8.7-150.3-10.1-254,39.1 s-91.7-34.4-149.2,0C115.7,118.3,0,39.8,0,39.8V0h1000v36.5c0,0-28.2-18.5-92.1-18.5C810.2,18.1,775.7,67.3,734,67.3z\"\/>\n\t<path class=\"elementor-shape-fill\" d=\"M766.1,28.9c-200-57.5-266,65.5-395.1,19.5C242,1.8,242,5.4,184.8,20.6C128,35.8,132.3,44.9,89.9,52.5C28.6,63.7,0,0,0,0 h1000c0,0-9.9,40.9-83.6,48.1S829.6,47,766.1,28.9z\"\/>\n<\/svg>\t\t<\/div>\n\t\t\t\t<div class=\"elementor-shape elementor-shape-bottom\" data-negative=\"false\">\n\t\t\t<svg xmlns=\"http:\/\/www.w3.org\/2000\/svg\" viewbox=\"0 0 283.5 27.8\" preserveaspectratio=\"none\">\n\t<path class=\"elementor-shape-fill\" d=\"M283.5,9.7c0,0-7.3,4.3-14,4.6c-6.8,0.3-12.6,0-20.9-1.5c-11.3-2-33.1-10.1-44.7-5.7\ts-12.1,4.6-18,7.4c-6.6,3.2-20,9.6-36.6,9.3C131.6,23.5,99.5,7.2,86.3,8c-1.4,0.1-6.6,0.8-10.5,2c-3.8,1.2-9.4,3.8-17,4.7\tc-3.2,0.4-8.3,1.1-14.2,0.9c-1.5-0.1-6.3-0.4-12-1.6c-5.7-1.2-11-3.1-15.8-3.7C6.5,9.2,0,10.8,0,10.8V0h283.5V9.7z M260.8,11.3\tc-0.7-1-2-0.4-4.3-0.4c-2.3,0-6.1-1.2-5.8-1.1c0.3,0.1,3.1,1.5,6,1.9C259.7,12.2,261.4,12.3,260.8,11.3z M242.4,8.6\tc0,0-2.4-0.2-5.6-0.9c-3.2-0.8-10.3-2.8-15.1-3.5c-8.2-1.1-15.8,0-15.1,0.1c0.8,0.1,9.6-0.6,17.6,1.1c3.3,0.7,9.3,2.2,12.4,2.7\tC239.9,8.7,242.4,8.6,242.4,8.6z M185.2,8.5c1.7-0.7-13.3,4.7-18.5,6.1c-2.1,0.6-6.2,1.6-10,2c-3.9,0.4-8.9,0.4-8.8,0.5\tc0,0.2,5.8,0.8,11.2,0c5.4-0.8,5.2-1.1,7.6-1.6C170.5,14.7,183.5,9.2,185.2,8.5z M199.1,6.9c0.2,0-0.8-0.4-4.8,1.1\tc-4,1.5-6.7,3.5-6.9,3.7c-0.2,0.1,3.5-1.8,6.6-3C197,7.5,199,6.9,199.1,6.9z M283,6c-0.1,0.1-1.9,1.1-4.8,2.5s-6.9,2.8-6.7,2.7\tc0.2,0,3.5-0.6,7.4-2.5C282.8,6.8,283.1,5.9,283,6z M31.3,11.6c0.1-0.2-1.9-0.2-4.5-1.2s-5.4-1.6-7.8-2C15,7.6,7.3,8.5,7.7,8.6\tC8,8.7,15.9,8.3,20.2,9.3c2.2,0.5,2.4,0.5,5.7,1.6S31.2,11.9,31.3,11.6z M73,9.2c0.4-0.1,3.5-1.6,8.4-2.6c4.9-1.1,8.9-0.5,8.9-0.8\tc0-0.3-1-0.9-6.2-0.3S72.6,9.3,73,9.2z M71.6,6.7C71.8,6.8,75,5.4,77.3,5c2.3-0.3,1.9-0.5,1.9-0.6c0-0.1-1.1-0.2-2.7,0.2\tC74.8,5.1,71.4,6.6,71.6,6.7z M93.6,4.4c0.1,0.2,3.5,0.8,5.6,1.8c2.1,1,1.8,0.6,1.9,0.5c0.1-0.1-0.8-0.8-2.4-1.3\tC97.1,4.8,93.5,4.2,93.6,4.4z M65.4,11.1c-0.1,0.3,0.3,0.5,1.9-0.2s2.6-1.3,2.2-1.2s-0.9,0.4-2.5,0.8C65.3,10.9,65.5,10.8,65.4,11.1\tz M34.5,12.4c-0.2,0,2.1,0.8,3.3,0.9c1.2,0.1,2,0.1,2-0.2c0-0.3-0.1-0.5-1.6-0.4C36.6,12.8,34.7,12.4,34.5,12.4z M152.2,21.1\tc-0.1,0.1-2.4-0.3-7.5-0.3c-5,0-13.6-2.4-17.2-3.5c-3.6-1.1,10,3.9,16.5,4.1C150.5,21.6,152.3,21,152.2,21.1z\"\/>\n\t<path class=\"elementor-shape-fill\" d=\"M269.6,18c-0.1-0.1-4.6,0.3-7.2,0c-7.3-0.7-17-3.2-16.6-2.9c0.4,0.3,13.7,3.1,17,3.3\tC267.7,18.8,269.7,18,269.6,18z\"\/>\n\t<path class=\"elementor-shape-fill\" d=\"M227.4,9.8c-0.2-0.1-4.5-1-9.5-1.2c-5-0.2-12.7,0.6-12.3,0.5c0.3-0.1,5.9-1.8,13.3-1.2\tS227.6,9.9,227.4,9.8z\"\/>\n\t<path class=\"elementor-shape-fill\" d=\"M204.5,13.4c-0.1-0.1,2-1,3.2-1.1c1.2-0.1,2,0,2,0.3c0,0.3-0.1,0.5-1.6,0.4\tC206.4,12.9,204.6,13.5,204.5,13.4z\"\/>\n\t<path class=\"elementor-shape-fill\" d=\"M201,10.6c0-0.1-4.4,1.2-6.3,2.2c-1.9,0.9-6.2,3.1-6.1,3.1c0.1,0.1,4.2-1.6,6.3-2.6\tS201,10.7,201,10.6z\"\/>\n\t<path class=\"elementor-shape-fill\" d=\"M154.5,26.7c-0.1-0.1-4.6,0.3-7.2,0c-7.3-0.7-17-3.2-16.6-2.9c0.4,0.3,13.7,3.1,17,3.3\tC152.6,27.5,154.6,26.8,154.5,26.7z\"\/>\n\t<path class=\"elementor-shape-fill\" d=\"M41.9,19.3c0,0,1.2-0.3,2.9-0.1c1.7,0.2,5.8,0.9,8.2,0.7c4.2-0.4,7.4-2.7,7-2.6\tc-0.4,0-4.3,2.2-8.6,1.9c-1.8-0.1-5.1-0.5-6.7-0.4S41.9,19.3,41.9,19.3z\"\/>\n\t<path class=\"elementor-shape-fill\" d=\"M75.5,12.6c0.2,0.1,2-0.8,4.3-1.1c2.3-0.2,2.1-0.3,2.1-0.5c0-0.1-1.8-0.4-3.4,0\tC76.9,11.5,75.3,12.5,75.5,12.6z\"\/>\n\t<path class=\"elementor-shape-fill\" d=\"M15.6,13.2c0-0.1,4.3,0,6.7,0.5c2.4,0.5,5,1.9,5,2c0,0.1-2.7-0.8-5.1-1.4\tC19.9,13.7,15.7,13.3,15.6,13.2z\"\/>\n<\/svg>\t\t<\/div>\n\t\t\t\t<div class=\"elementor-element elementor-element-0bcc33e elementor-widget elementor-widget-text-editor\" data-id=\"0bcc33e\" data-element_type=\"widget\" data-widget_type=\"text-editor.default\">\n\t\t\t\t<div class=\"elementor-widget-container\">\n\t\t\t\t\t\t\t\t\t<div class=\"bonny-section-description\" style=\"font-family: 'Bryndan Write', cursive; color: #212121; font-size: 18px; filter: blur(0.3px); text-shadow: #bde5dd 3px 2px 2px;\"><h1 style=\"position: absolute; left: -9999px; top: auto; width: 1px; height: 1px; overflow: hidden;\">BonnyWashy Blog \u2013 Tips, Tricks, and Freshness Delivered to Your Door<\/h1><p style=\"font-size: 34px; text-align: center; padding-bottom: 10px;\">BonnyWashy Blog \u2013 Tips, Tricks, and Freshness Delivered to Your Door<\/p><p>Welcome to the BonnyWashy Laundry blog! Here you\u2019ll find useful tips on washing and cleaning\u2014whether it\u2019s about clothes, carpets, or shoes. Our goal is to help you keep your garments fresh and extend their lifespan using simple, at-home methods. Our articles cover eco-friendly solutions, door-to-door laundry services, and seasonal advice. If you want to stay up to date with the best cleaning practices and learn how to make your daily laundry routine more efficient, you\u2019re in the right place. We regularly update our blog with new ideas, practical tips, and a behind-the-scenes look at BonnyWashy Laundry.<\/p><\/div>\t\t\t\t\t\t\t\t<\/div>\n\t\t\t\t<\/div>\n\t\t\t\t<div class=\"elementor-element elementor-element-fd0410a elementor-grid-3 elementor-grid-tablet-2 elementor-grid-mobile-1 elementor-posts--thumbnail-top elementor-card-shadow-yes elementor-posts__hover-gradient elementor-widget elementor-widget-posts\" data-id=\"fd0410a\" data-element_type=\"widget\" data-settings=\"{&quot;pagination_type&quot;:&quot;prev_next&quot;,&quot;cards_columns&quot;:&quot;3&quot;,&quot;cards_columns_tablet&quot;:&quot;2&quot;,&quot;cards_columns_mobile&quot;:&quot;1&quot;,&quot;cards_row_gap&quot;:{&quot;unit&quot;:&quot;px&quot;,&quot;size&quot;:35,&quot;sizes&quot;:[]},&quot;cards_row_gap_tablet&quot;:{&quot;unit&quot;:&quot;px&quot;,&quot;size&quot;:&quot;&quot;,&quot;sizes&quot;:[]},&quot;cards_row_gap_mobile&quot;:{&quot;unit&quot;:&quot;px&quot;,&quot;size&quot;:&quot;&quot;,&quot;sizes&quot;:[]}}\" data-widget_type=\"posts.cards\">\n\t\t\t\t<div class=\"elementor-widget-container\">\n\t\t\t\t\t\t\t<div class=\"elementor-posts-container elementor-posts elementor-posts--skin-cards elementor-grid\">\n\t\t\t\t<article class=\"elementor-post elementor-grid-item post-4654 post type-post status-publish format-standard has-post-thumbnail hentry category-mosodai-szolgaltatas-bemutatasa\">\n\t\t\t<div class=\"elementor-post__card\">\n\t\t\t\t<a class=\"elementor-post__thumbnail__link\" href=\"https:\/\/bonnywashy.hu\/en\/2025\/09\/04\/coffee-stain-removal-from-clothes-tips-bonnywashy\/\" tabindex=\"-1\" target=\"_blank\"><div class=\"elementor-post__thumbnail\"><img fetchpriority=\"high\" decoding=\"async\" width=\"300\" height=\"300\" src=\"https:\/\/bonnywashy.hu\/wp-content\/uploads\/2025\/09\/kavefoltok-eltavolitasa-ruhakbol-tippek-bonnywashy-300x300.png\" class=\"attachment-medium size-medium wp-image-4653\" alt=\"Bonny Washy Mosoda\" srcset=\"https:\/\/bonnywashy.hu\/wp-content\/uploads\/2025\/09\/kavefoltok-eltavolitasa-ruhakbol-tippek-bonnywashy-300x300.png 300w, https:\/\/bonnywashy.hu\/wp-content\/uploads\/2025\/09\/kavefoltok-eltavolitasa-ruhakbol-tippek-bonnywashy-150x150.png 150w, https:\/\/bonnywashy.hu\/wp-content\/uploads\/2025\/09\/kavefoltok-eltavolitasa-ruhakbol-tippek-bonnywashy-768x768.png 768w, https:\/\/bonnywashy.hu\/wp-content\/uploads\/2025\/09\/kavefoltok-eltavolitasa-ruhakbol-tippek-bonnywashy-12x12.png 12w, https:\/\/bonnywashy.hu\/wp-content\/uploads\/2025\/09\/kavefoltok-eltavolitasa-ruhakbol-tippek-bonnywashy.png 1024w\" sizes=\"(max-width: 300px) 100vw, 300px\" \/><\/div><\/a>\n\t\t\t\t<div class=\"elementor-post__badge\">Introduction to laundry services<\/div>\n\t\t\t\t<div class=\"elementor-post__text\">\n\t\t\t\t<h3 class=\"elementor-post__title\">\n\t\t\t<a href=\"https:\/\/bonnywashy.hu\/en\/2025\/09\/04\/coffee-stain-removal-from-clothes-tips-bonnywashy\/\" target=\"&quot;_blank&quot;\">\n\t\t\t\tCoffee stains on clothes \u2013 Easy removal tips from BonnyWashy\t\t\t<\/a>\n\t\t<\/h3>\n\t\t\t\t<div class=\"elementor-post__excerpt\">\n\t\t\t<p>K\u00e1v\u00e9foltok a ruh\u00e1kon: Hogyan szabadulj meg t\u0151l\u00fck egyszer\u0171en? \u2013 tippek a BonnyWashyt\u00f3l A reggeli rohan\u00e1s, egy v\u00e9letlen mozdulat \u2013 \u00e9s m\u00e1ris ott a barna pecs\u00e9t<\/p>\n\t\t<\/div>\n\t\t\n\t\t<a class=\"elementor-post__read-more\" href=\"https:\/\/bonnywashy.hu\/en\/2025\/09\/04\/coffee-stain-removal-from-clothes-tips-bonnywashy\/\" aria-label=\"Read more about K\u00e1v\u00e9foltok a ruh\u00e1kon \u2013 Egyszer\u0171 tippek a BonnyWashyt\u00f3l\" tabindex=\"-1\" target=\"_blank\">\n\t\t\tRead more \u00bb\t\t<\/a>\n\n\t\t\t\t<\/div>\n\t\t\t\t\t<\/div>\n\t\t<\/article>\n\t\t\t\t<article class=\"elementor-post elementor-grid-item post-4611 post type-post status-publish format-standard has-post-thumbnail hentry category-mosasi-tippek-trukkok\">\n\t\t\t<div class=\"elementor-post__card\">\n\t\t\t\t<a class=\"elementor-post__thumbnail__link\" href=\"https:\/\/bonnywashy.hu\/en\/2025\/08\/06\/smelly-towels-freshness-tips\/\" tabindex=\"-1\" target=\"_blank\"><div class=\"elementor-post__thumbnail\"><img decoding=\"async\" width=\"300\" height=\"300\" src=\"https:\/\/bonnywashy.hu\/wp-content\/uploads\/2025\/08\/Musty_Torolkozo_es_Arckifejezes-300x300.png\" class=\"attachment-medium size-medium wp-image-4622\" alt=\"Bonny Washy Mosoda\" srcset=\"https:\/\/bonnywashy.hu\/wp-content\/uploads\/2025\/08\/Musty_Torolkozo_es_Arckifejezes-300x300.png 300w, https:\/\/bonnywashy.hu\/wp-content\/uploads\/2025\/08\/Musty_Torolkozo_es_Arckifejezes-150x150.png 150w, https:\/\/bonnywashy.hu\/wp-content\/uploads\/2025\/08\/Musty_Torolkozo_es_Arckifejezes-768x768.png 768w, https:\/\/bonnywashy.hu\/wp-content\/uploads\/2025\/08\/Musty_Torolkozo_es_Arckifejezes-12x12.png 12w, https:\/\/bonnywashy.hu\/wp-content\/uploads\/2025\/08\/Musty_Torolkozo_es_Arckifejezes.png 1024w\" sizes=\"(max-width: 300px) 100vw, 300px\" \/><\/div><\/a>\n\t\t\t\t<div class=\"elementor-post__badge\">Washing tips and tricks<\/div>\n\t\t\t\t<div class=\"elementor-post__text\">\n\t\t\t\t<h3 class=\"elementor-post__title\">\n\t\t\t<a href=\"https:\/\/bonnywashy.hu\/en\/2025\/08\/06\/smelly-towels-freshness-tips\/\" target=\"&quot;_blank&quot;\">\n\t\t\t\tSmelly Towels \u2013 Freshness Tips | BonnyWashy\t\t\t<\/a>\n\t\t<\/h3>\n\t\t\t\t<div class=\"elementor-post__excerpt\">\n\t\t\t<p>Smelly towels? Here\u2019s how to refresh them at home or at the laundry \u2013 tips from BonnyWashy\nFew things can ruin your morning routine quite like when...<\/p>\n\t\t<\/div>\n\t\t\n\t\t<a class=\"elementor-post__read-more\" href=\"https:\/\/bonnywashy.hu\/en\/2025\/08\/06\/smelly-towels-freshness-tips\/\" aria-label=\"Read more about Kellemetlen szag\u00fa t\u00f6r\u00f6lk\u00f6z\u0151k \u2013 Frissess\u00e9gi tippek | BonnyWashy\" tabindex=\"-1\" target=\"_blank\">\n\t\t\tRead more \u00bb\t\t<\/a>\n\n\t\t\t\t<\/div>\n\t\t\t\t\t<\/div>\n\t\t<\/article>\n\t\t\t\t<article class=\"elementor-post elementor-grid-item post-4015 post type-post status-publish format-standard has-post-thumbnail hentry category-illatositas-es-frissesseg-megorzese\">\n\t\t\t<div class=\"elementor-post__card\">\n\t\t\t\t<a class=\"elementor-post__thumbnail__link\" href=\"https:\/\/bonnywashy.hu\/en\/2025\/06\/18\/how-to-make-your-clothes-smell-fresher-after-washing-practical-tips-from-bonnywashy\/\" tabindex=\"-1\" target=\"_blank\"><div class=\"elementor-post__thumbnail\"><img decoding=\"async\" width=\"300\" height=\"228\" src=\"https:\/\/bonnywashy.hu\/wp-content\/uploads\/2018\/07\/post-img3-300x228.jpg\" class=\"attachment-medium size-medium wp-image-1412\" alt=\"Bonny Washy Mosoda\" srcset=\"https:\/\/bonnywashy.hu\/wp-content\/uploads\/2018\/07\/post-img3-300x228.jpg 300w, https:\/\/bonnywashy.hu\/wp-content\/uploads\/2018\/07\/post-img3.jpg 370w\" sizes=\"(max-width: 300px) 100vw, 300px\" \/><\/div><\/a>\n\t\t\t\t<div class=\"elementor-post__badge\">Fragrance and freshness preservation<\/div>\n\t\t\t\t<div class=\"elementor-post__text\">\n\t\t\t\t<h3 class=\"elementor-post__title\">\n\t\t\t<a href=\"https:\/\/bonnywashy.hu\/en\/2025\/06\/18\/how-to-make-your-clothes-smell-fresher-after-washing-practical-tips-from-bonnywashy\/\" target=\"&quot;_blank&quot;\">\n\t\t\t\tMake Clothes Smell Fresh \u2013 Washing Tips | BonnyWashy\t\t\t<\/a>\n\t\t<\/h3>\n\t\t\t\t<div class=\"elementor-post__excerpt\">\n\t\t\t<p>How to Make Your Clothes Smell Better After Washing? Practical Tips from BonnyWashy for Long-Lasting Freshness. Tired of your freshly washed clothes not smelling as nice as you'd like?<\/p>\n\t\t<\/div>\n\t\t\n\t\t<a class=\"elementor-post__read-more\" href=\"https:\/\/bonnywashy.hu\/en\/2025\/06\/18\/how-to-make-your-clothes-smell-fresher-after-washing-practical-tips-from-bonnywashy\/\" aria-label=\"Read more about Illatos ruh\u00e1k mos\u00e1s ut\u00e1n \u2013 Frissess\u00e9gi tippek | BonnyWashy\" tabindex=\"-1\" target=\"_blank\">\n\t\t\tRead more \u00bb\t\t<\/a>\n\n\t\t\t\t<\/div>\n\t\t\t\t\t<\/div>\n\t\t<\/article>\n\t\t\t\t<\/div>\n\t\t\n\t\t\t\t<div class=\"e-load-more-anchor\" data-page=\"1\" data-max-page=\"2\" data-next-page=\"https:\/\/bonnywashy.hu\/wp-json\/wp\/v2\/pages\/3834\/page\/2\/\"><\/div>\n\t\t\t\t<nav class=\"elementor-pagination\" aria-label=\"Pagination\">\n\t\t\t<span class=\"page-numbers prev\">&laquo; El\u0151z\u0151<\/span>\n<a class=\"page-numbers next\" href=\"https:\/\/bonnywashy.hu\/wp-json\/wp\/v2\/pages\/3834\/page\/2\/\">K\u00f6vetkez\u0151 &raquo;<\/a>\t\t<\/nav>\n\t\t\t\t\t\t<\/div>\n\t\t\t\t<\/div>\n\t\t\t\t<div class=\"elementor-element elementor-element-c377094 elementor-widget elementor-widget-text-editor\" data-id=\"c377094\" data-element_type=\"widget\" data-widget_type=\"text-editor.default\">\n\t\t\t\t<div class=\"elementor-widget-container\">\n\t\t\t\t\t\t\t\t\t<div class=\"bonny-section-description\" style=\"font-family: 'Bryndan Write', cursive; color: #212121; font-size: 18px; filter: blur(0.3px); text-shadow: #bde5dd 3px 2px 2px;\"><p>BonnyWashy Laundry offers more than just fresh, clean clothes\u2014we provide you with time and convenience. Our blog posts aim to highlight the benefits of our door-to-door laundry service and share insights that help you make better decisions when it comes to textile care. If you haven\u2019t tried BonnyWashy yet, now\u2019s a great time to get in touch! Whether you need weekly laundry service for your household, cleaning for business textiles, or have special requests, our team is here to help. Have a question? Contact us through our online form, by phone, or by email\u2014we\u2019re happy to assist!<\/p><\/div>\t\t\t\t\t\t\t\t<\/div>\n\t\t\t\t<\/div>\n\t\t\t\t\t<\/div>\n\t\t\t\t<\/div>\n\t\t\t\t<\/div>","protected":false},"excerpt":{"rendered":"<p>BonnyWashy Blog \u2013 Tippek, tr\u00fckk\u00f6k \u00e9s frissess\u00e9g h\u00e1zhoz sz\u00e1ll\u00edtva BonnyWashy Blog \u2013 Tippek, tr\u00fckk\u00f6k \u00e9s frissess\u00e9g h\u00e1zhoz sz\u00e1ll\u00edtva \u00dcdv\u00f6zl\u00fcnk a BonnyWashy Mosoda blogj\u00e1n! Itt hasznos mos\u00e1si \u00e9s tiszt\u00edt\u00e1si tippeket tal\u00e1lsz, legyen sz\u00f3 ruh\u00e1kr\u00f3l, sz\u0151nyegekr\u0151l vagy cip\u0151kr\u0151l. C\u00e9lunk, hogy seg\u00edts\u00fcnk meg\u0151rizni ruh\u00e1id frissess\u00e9g\u00e9t \u00e9s meghosszabb\u00edtani \u00e9lettartamukat \u2013 egyszer\u0171en, otthon is alkalmazhat\u00f3 m\u00f3dszerekkel. \u00cdr\u00e1saink k\u00f6z\u00f6tt k\u00f6rnyezetbar\u00e1t megold\u00e1sokkal,<br \/><a class=\"moretag\" href=\"https:\/\/bonnywashy.hu\/en\/2025\/06\/18\/how-to-make-your-clothes-smell-fresher-after-washing-practical-tips-from-bonnywashy\/\">+ Read More<\/a><\/p>","protected":false},"author":1,"featured_media":2723,"parent":0,"menu_order":0,"comment_status":"closed","ping_status":"closed","template":"templates\/page-builder.php","meta":{"footnotes":""},"class_list":["post-3834","page","type-page","status-publish","has-post-thumbnail","hentry"],"yoast_head":"<!-- This site is optimized with the Yoast SEO plugin v25.6 - https:\/\/yoast.com\/wordpress\/plugins\/seo\/ -->\n<title>Blog - BonnyWashy Mosoda \u2013 ahol a tisztas\u00e1g h\u00e1zhoz megy!<\/title>\n<meta name=\"description\" content=\"Fedezze fel a BonnyWashy mosoda blogj\u00e1t: praktikus mos\u00e1si \u00e9s sz\u0151nyegtiszt\u00edt\u00e1si tippek, frissess\u00e9g meg\u0151rz\u00e9se, k\u00f6rnyezetbar\u00e1t megold\u00e1sok \u00e9s szak\u00e9rt\u0151i tan\u00e1csok.\" \/>\n<meta name=\"robots\" content=\"index, follow, max-snippet:-1, max-image-preview:large, max-video-preview:-1\" \/>\n<link rel=\"canonical\" href=\"https:\/\/bonnywashy.hu\/en\/blog\/\" \/>\n<meta property=\"og:locale\" content=\"en_GB\" \/>\n<meta property=\"og:type\" content=\"article\" \/>\n<meta property=\"og:title\" content=\"Blog - BonnyWashy Mosoda \u2013 ahol a tisztas\u00e1g h\u00e1zhoz megy!\" \/>\n<meta property=\"og:description\" content=\"Fedezze fel a BonnyWashy mosoda blogj\u00e1t: praktikus mos\u00e1si \u00e9s sz\u0151nyegtiszt\u00edt\u00e1si tippek, frissess\u00e9g meg\u0151rz\u00e9se, k\u00f6rnyezetbar\u00e1t megold\u00e1sok \u00e9s szak\u00e9rt\u0151i tan\u00e1csok.\" \/>\n<meta property=\"og:url\" content=\"https:\/\/bonnywashy.hu\/en\/blog\/\" \/>\n<meta property=\"og:site_name\" content=\"BonnyWashy Mosoda \u2013 ahol a tisztas\u00e1g h\u00e1zhoz megy!\" \/>\n<meta property=\"article:publisher\" content=\"https:\/\/www.facebook.com\/profile.php?id=61576839748383\" \/>\n<meta property=\"article:modified_time\" content=\"2025-08-06T11:04:52+00:00\" \/>\n<meta property=\"og:image\" content=\"https:\/\/bonnywashy.hu\/wp-content\/uploads\/2025\/06\/bonny_head2.png\" \/>\n\t<meta property=\"og:image:width\" content=\"1900\" \/>\n\t<meta property=\"og:image:height\" content=\"300\" \/>\n\t<meta property=\"og:image:type\" content=\"image\/png\" \/>\n<meta name=\"twitter:card\" content=\"summary_large_image\" \/>\n<meta name=\"twitter:label1\" content=\"Estimated reading time\" \/>\n\t<meta name=\"twitter:data1\" content=\"4 minutes\" \/>\n<script type=\"application\/ld+json\" class=\"yoast-schema-graph\">{\"@context\":\"https:\/\/schema.org\",\"@graph\":[{\"@type\":\"WebPage\",\"@id\":\"https:\/\/bonnywashy.hu\/blog\/\",\"url\":\"https:\/\/bonnywashy.hu\/blog\/\",\"name\":\"Blog - BonnyWashy Mosoda \u2013 ahol a tisztas\u00e1g h\u00e1zhoz megy!\",\"isPartOf\":{\"@id\":\"https:\/\/bonnywashy.hu\/hu\/#website\"},\"primaryImageOfPage\":{\"@id\":\"https:\/\/bonnywashy.hu\/blog\/#primaryimage\"},\"image\":{\"@id\":\"https:\/\/bonnywashy.hu\/blog\/#primaryimage\"},\"thumbnailUrl\":\"https:\/\/bonnywashy.hu\/wp-content\/uploads\/2025\/06\/bonny_head2.png\",\"datePublished\":\"2025-06-17T08:15:53+00:00\",\"dateModified\":\"2025-08-06T11:04:52+00:00\",\"description\":\"Fedezze fel a BonnyWashy mosoda blogj\u00e1t: praktikus mos\u00e1si \u00e9s sz\u0151nyegtiszt\u00edt\u00e1si tippek, frissess\u00e9g meg\u0151rz\u00e9se, k\u00f6rnyezetbar\u00e1t megold\u00e1sok \u00e9s szak\u00e9rt\u0151i tan\u00e1csok.\",\"breadcrumb\":{\"@id\":\"https:\/\/bonnywashy.hu\/blog\/#breadcrumb\"},\"inLanguage\":\"en-GB\",\"potentialAction\":[{\"@type\":\"ReadAction\",\"target\":[\"https:\/\/bonnywashy.hu\/blog\/\"]}]},{\"@type\":\"ImageObject\",\"inLanguage\":\"en-GB\",\"@id\":\"https:\/\/bonnywashy.hu\/blog\/#primaryimage\",\"url\":\"https:\/\/bonnywashy.hu\/wp-content\/uploads\/2025\/06\/bonny_head2.png\",\"contentUrl\":\"https:\/\/bonnywashy.hu\/wp-content\/uploads\/2025\/06\/bonny_head2.png\",\"width\":1900,\"height\":300},{\"@type\":\"BreadcrumbList\",\"@id\":\"https:\/\/bonnywashy.hu\/blog\/#breadcrumb\",\"itemListElement\":[{\"@type\":\"ListItem\",\"position\":1,\"name\":\"Kezd\u0151lap\",\"item\":\"https:\/\/bonnywashy.hu\/\"},{\"@type\":\"ListItem\",\"position\":2,\"name\":\"Blog\"}]},{\"@type\":\"WebSite\",\"@id\":\"https:\/\/bonnywashy.hu\/hu\/#website\",\"url\":\"https:\/\/bonnywashy.hu\/hu\/\",\"name\":\"BonnyWashy Mosoda\",\"description\":\"T\u00f6bb, mint mosoda. Egy gondoskod\u00f3 k\u00e9z a h\u00e1tt\u00e9rben.\",\"publisher\":{\"@id\":\"https:\/\/bonnywashy.hu\/hu\/#organization\"},\"potentialAction\":[{\"@type\":\"SearchAction\",\"target\":{\"@type\":\"EntryPoint\",\"urlTemplate\":\"https:\/\/bonnywashy.hu\/hu\/?s={search_term_string}\"},\"query-input\":{\"@type\":\"PropertyValueSpecification\",\"valueRequired\":true,\"valueName\":\"search_term_string\"}}],\"inLanguage\":\"en-GB\"},{\"@type\":\"Organization\",\"@id\":\"https:\/\/bonnywashy.hu\/hu\/#organization\",\"name\":\"BonnyWashy Mosoda\",\"url\":\"https:\/\/bonnywashy.hu\/hu\/\",\"logo\":{\"@type\":\"ImageObject\",\"inLanguage\":\"en-GB\",\"@id\":\"https:\/\/bonnywashy.hu\/hu\/#\/schema\/logo\/image\/\",\"url\":\"https:\/\/bonnywashy.hu\/wp-content\/uploads\/2025\/07\/Bonny_Washy_Logo_hatter-nelkul-e1748517980272.png\",\"contentUrl\":\"https:\/\/bonnywashy.hu\/wp-content\/uploads\/2025\/07\/Bonny_Washy_Logo_hatter-nelkul-e1748517980272.png\",\"width\":200,\"height\":164,\"caption\":\"BonnyWashy Mosoda\"},\"image\":{\"@id\":\"https:\/\/bonnywashy.hu\/hu\/#\/schema\/logo\/image\/\"},\"sameAs\":[\"https:\/\/www.facebook.com\/profile.php?id=61576839748383\",\"https:\/\/www.instagram.com\/bonnywashy\/\"]}]}<\/script>\n<!-- \/ Yoast SEO plugin. -->","yoast_head_json":{"title":"Blog | BonnyWashy Laundry \u2013 Tips for Fresh &amp; Clean Clothes","description":"Explore the BonnyWashy Laundry blog: practical laundry and carpet cleaning tips, freshness preservation, eco-friendly solutions, and expert advice.","robots":{"index":"index","follow":"follow","max-snippet":"max-snippet:-1","max-image-preview":"max-image-preview:large","max-video-preview":"max-video-preview:-1"},"canonical":"https:\/\/bonnywashy.hu\/en\/blog\/","og_locale":"en_GB","og_type":"article","og_title":"Blog - BonnyWashy Mosoda \u2013 ahol a tisztas\u00e1g h\u00e1zhoz megy!","og_description":"Fedezze fel a BonnyWashy mosoda blogj\u00e1t: praktikus mos\u00e1si \u00e9s sz\u0151nyegtiszt\u00edt\u00e1si tippek, frissess\u00e9g meg\u0151rz\u00e9se, k\u00f6rnyezetbar\u00e1t megold\u00e1sok \u00e9s szak\u00e9rt\u0151i tan\u00e1csok.","og_url":"https:\/\/bonnywashy.hu\/en\/blog\/","og_site_name":"BonnyWashy Mosoda \u2013 ahol a tisztas\u00e1g h\u00e1zhoz megy!","article_publisher":"https:\/\/www.facebook.com\/profile.php?id=61576839748383","article_modified_time":"2025-08-06T11:04:52+00:00","og_image":[{"width":1900,"height":300,"url":"https:\/\/bonnywashy.hu\/wp-content\/uploads\/2025\/06\/bonny_head2.png","type":"image\/png"}],"twitter_card":"summary_large_image","twitter_misc":{"Estimated reading time":"4 minutes"},"schema":{"@context":"https:\/\/schema.org","@graph":[{"@type":"WebPage","@id":"https:\/\/bonnywashy.hu\/blog\/","url":"https:\/\/bonnywashy.hu\/blog\/","name":"Blog | BonnyWashy Laundry \u2013 Tips for Fresh &amp; Clean Clothes","isPartOf":{"@id":"https:\/\/bonnywashy.hu\/hu\/#website"},"primaryImageOfPage":{"@id":"https:\/\/bonnywashy.hu\/blog\/#primaryimage"},"image":{"@id":"https:\/\/bonnywashy.hu\/blog\/#primaryimage"},"thumbnailUrl":"https:\/\/bonnywashy.hu\/wp-content\/uploads\/2025\/06\/bonny_head2.png","datePublished":"2025-06-17T08:15:53+00:00","dateModified":"2025-08-06T11:04:52+00:00","description":"Explore the BonnyWashy Laundry blog: practical laundry and carpet cleaning tips, freshness preservation, eco-friendly solutions, and expert advice.","breadcrumb":{"@id":"https:\/\/bonnywashy.hu\/blog\/#breadcrumb"},"inLanguage":"en-GB","potentialAction":[{"@type":"ReadAction","target":["https:\/\/bonnywashy.hu\/blog\/"]}]},{"@type":"ImageObject","inLanguage":"en-GB","@id":"https:\/\/bonnywashy.hu\/blog\/#primaryimage","url":"https:\/\/bonnywashy.hu\/wp-content\/uploads\/2025\/06\/bonny_head2.png","contentUrl":"https:\/\/bonnywashy.hu\/wp-content\/uploads\/2025\/06\/bonny_head2.png","width":1900,"height":300},{"@type":"BreadcrumbList","@id":"https:\/\/bonnywashy.hu\/blog\/#breadcrumb","itemListElement":[{"@type":"ListItem","position":1,"name":"Kezd\u0151lap","item":"https:\/\/bonnywashy.hu\/"},{"@type":"ListItem","position":2,"name":"Blog"}]},{"@type":"WebSite","@id":"https:\/\/bonnywashy.hu\/hu\/#website","url":"https:\/\/bonnywashy.hu\/hu\/","name":"BonnyWashy Mosoda","description":"More than just a laundry. A caring hand behind the scenes.","publisher":{"@id":"https:\/\/bonnywashy.hu\/hu\/#organization"},"potentialAction":[{"@type":"SearchAction","target":{"@type":"EntryPoint","urlTemplate":"https:\/\/bonnywashy.hu\/hu\/?s={search_term_string}"},"query-input":{"@type":"PropertyValueSpecification","valueRequired":true,"valueName":"search_term_string"}}],"inLanguage":"en-GB"},{"@type":"Organization","@id":"https:\/\/bonnywashy.hu\/hu\/#organization","name":"BonnyWashy Mosoda","url":"https:\/\/bonnywashy.hu\/hu\/","logo":{"@type":"ImageObject","inLanguage":"en-GB","@id":"https:\/\/bonnywashy.hu\/hu\/#\/schema\/logo\/image\/","url":"https:\/\/bonnywashy.hu\/wp-content\/uploads\/2025\/07\/Bonny_Washy_Logo_hatter-nelkul-e1748517980272.png","contentUrl":"https:\/\/bonnywashy.hu\/wp-content\/uploads\/2025\/07\/Bonny_Washy_Logo_hatter-nelkul-e1748517980272.png","width":200,"height":164,"caption":"BonnyWashy Mosoda"},"image":{"@id":"https:\/\/bonnywashy.hu\/hu\/#\/schema\/logo\/image\/"},"sameAs":["https:\/\/www.facebook.com\/profile.php?id=61576839748383","https:\/\/www.instagram.com\/bonnywashy\/"]}]}},"_links":{"self":[{"href":"https:\/\/bonnywashy.hu\/en\/wp-json\/wp\/v2\/pages\/3834","targetHints":{"allow":["GET"]}}],"collection":[{"href":"https:\/\/bonnywashy.hu\/en\/wp-json\/wp\/v2\/pages"}],"about":[{"href":"https:\/\/bonnywashy.hu\/en\/wp-json\/wp\/v2\/types\/page"}],"author":[{"embeddable":true,"href":"https:\/\/bonnywashy.hu\/en\/wp-json\/wp\/v2\/users\/1"}],"replies":[{"embeddable":true,"href":"https:\/\/bonnywashy.hu\/en\/wp-json\/wp\/v2\/comments?post=3834"}],"version-history":[{"count":0,"href":"https:\/\/bonnywashy.hu\/en\/wp-json\/wp\/v2\/pages\/3834\/revisions"}],"wp:featuredmedia":[{"embeddable":true,"href":"https:\/\/bonnywashy.hu\/en\/wp-json\/wp\/v2\/media\/2723"}],"wp:attachment":[{"href":"https:\/\/bonnywashy.hu\/en\/wp-json\/wp\/v2\/media?parent=3834"}],"curies":[{"name":"wp","href":"https:\/\/api.w.org\/{rel}","templated":true}]}}